{"id":390,"date":"2024-07-23T18:26:11","date_gmt":"2024-07-23T16:26:11","guid":{"rendered":"https:\/\/www.winioux.fr\/?post_type=product&#038;p=390"},"modified":"2024-07-23T18:55:51","modified_gmt":"2024-07-23T16:55:51","slug":"partir","status":"publish","type":"product","link":"https:\/\/www.winioux.fr\/index.php\/produit\/partir\/","title":{"rendered":"Partir"},"content":{"rendered":"<h5>Un po\u00e8me inventaire sur le th\u00e8me du d\u00e9part&#8230;<\/h5>\n<p>Partir en courant comme un fou ou \u00e0 petits pas, sans faire de bruit. Il y a mille fa\u00e7ons de partir ! Quelques unes sont d\u00e9clin\u00e9es ici sous forme de po\u00e8me inventaire o\u00f9 images et textes s&rsquo;\u00e9clairent l&rsquo;un l&rsquo;autre.<\/p>\n<p><span style=\"color: #3366ff;\">La po\u00e9tique du mouvement : Le sentiment que l&rsquo;on \u00e9prouve quand on part, quand on est ni tout \u00e0 fait d\u00e9tach\u00e9 du pass\u00e9 ni encore dans une nouvelle vie, est tr\u00e8s riche, tr\u00e8s complexe. Le narrateur nous embarque dans ce temps suspendu qui est celui du d\u00e9placement. Chacun pourra s&rsquo;approprier ce texte de fa\u00e7on tr\u00e8s personnelle et y d\u00e9velopper sa vision du voyage. <\/span><\/p>\n<p><span style=\"color: #3366ff;\">Ce texte po\u00e9tique et court n&rsquo;est ni sp\u00e9cialement destin\u00e9 aux enfants, ni sp\u00e9cialement destin\u00e9 aux adultes. Il se pr\u00eate plut\u00f4t \u00e0 un coup de c\u0153ur, \u00e0 une rencontre. Les illustrations d&rsquo;une tonalit\u00e9 enfantine sont aussi bien pour les plus jeunes que pour les grands.<\/span><\/p>\n<p><span style=\"color: #993300;\">Texte de Anonyme et\u00a0 illustrations de <a style=\"color: #993300;\" href=\"https:\/\/www.winioux.fr\/index.php\/2024\/05\/06\/marion-fournioux\/\" target=\"_blank\" rel=\"noopener\">Marion Fournioux<\/a><\/span><\/p>\n","protected":false},"excerpt":{"rendered":"<p>Texte\u00a0 de Anonyme et\u00a0 illustrations de Marion Fournioux<\/p>\n","protected":false},"featured_media":391,"comment_status":"closed","ping_status":"closed","template":"","meta":[],"product_brand":[],"product_cat":[26],"product_tag":[24,93,58,123],"class_list":{"0":"post-390","1":"product","2":"type-product","3":"status-publish","4":"has-post-thumbnail","6":"product_cat-inclassable","7":"product_tag-aventure","8":"product_tag-poesie","9":"product_tag-recit-initiatique","10":"product_tag-separation","12":"first","13":"outofstock","14":"shipping-taxable","15":"purchasable","16":"product-type-simple"},"_links":{"self":[{"href":"https:\/\/www.winioux.fr\/index.php\/wp-json\/wp\/v2\/product\/390","targetHints":{"allow":["GET"]}}],"collection":[{"href":"https:\/\/www.winioux.fr\/index.php\/wp-json\/wp\/v2\/product"}],"about":[{"href":"https:\/\/www.winioux.fr\/index.php\/wp-json\/wp\/v2\/types\/product"}],"replies":[{"embeddable":true,"href":"https:\/\/www.winioux.fr\/index.php\/wp-json\/wp\/v2\/comments?post=390"}],"wp:featuredmedia":[{"embeddable":true,"href":"https:\/\/www.winioux.fr\/index.php\/wp-json\/wp\/v2\/media\/391"}],"wp:attachment":[{"href":"https:\/\/www.winioux.fr\/index.php\/wp-json\/wp\/v2\/media?parent=390"}],"wp:term":[{"taxonomy":"product_brand","embeddable":true,"href":"https:\/\/www.winioux.fr\/index.php\/wp-json\/wp\/v2\/product_brand?post=390"},{"taxonomy":"product_cat","embeddable":true,"href":"https:\/\/www.winioux.fr\/index.php\/wp-json\/wp\/v2\/product_cat?post=390"},{"taxonomy":"product_tag","embeddable":true,"href":"https:\/\/www.winioux.fr\/index.php\/wp-json\/wp\/v2\/product_tag?post=390"}],"curies":[{"name":"wp","href":"https:\/\/api.w.org\/{rel}","templated":true}]}}